{"id":1216,"date":"2024-01-19T12:00:53","date_gmt":"2024-01-19T10:00:53","guid":{"rendered":"https:\/\/anna-verburg.de\/?page_id=1216"},"modified":"2024-01-19T12:06:39","modified_gmt":"2024-01-19T10:06:39","slug":"dankeseite-anmeldung-ebook-von-frau-zu-mama","status":"publish","type":"page","link":"https:\/\/anna-verburg.de\/index.php\/dankeseite-anmeldung-ebook-von-frau-zu-mama\/","title":{"rendered":"Dankeseite Anmeldung Ebook &#8220; Von Frau zu Mama&#8220;"},"content":{"rendered":"\t\t<div data-elementor-type=\"wp-page\" data-elementor-id=\"1216\" class=\"elementor elementor-1216\" data-elementor-post-type=\"page\">\n\t\t\t\t<div class=\"elementor-element elementor-element-518a505f e-flex e-con-boxed e-con e-parent\" data-id=\"518a505f\" data-element_type=\"container\" data-settings=\"{&quot;background_background&quot;:&quot;classic&quot;}\">\n\t\t\t\t\t<div class=\"e-con-inner\">\n\t\t\t\t<div class=\"elementor-element elementor-element-48965e8e elementor-widget elementor-widget-heading\" data-id=\"48965e8e\" data-element_type=\"widget\" data-widget_type=\"heading.default\">\n\t\t\t\t\t<p class=\"elementor-heading-title elementor-size-default\">FAST FERTIG...<\/p>\t\t\t\t<\/div>\n\t\t\t\t<div class=\"elementor-element elementor-element-46b802b2 elementor-widget elementor-widget-heading\" data-id=\"46b802b2\" data-element_type=\"widget\" data-widget_type=\"heading.default\">\n\t\t\t\t\t<h1 class=\"elementor-heading-title elementor-size-default\">In 3 Schritten zu deinem EBook<\/h1>\t\t\t\t<\/div>\n\t\t<div class=\"elementor-element elementor-element-4dee5537 e-con-full elementor-hidden-mobile e-flex e-con e-child\" data-id=\"4dee5537\" data-element_type=\"container\">\n\t\t\t\t<div class=\"elementor-element elementor-element-1ca9cff2 elementor-widget elementor-widget-image\" data-id=\"1ca9cff2\" data-element_type=\"widget\" data-widget_type=\"image.default\">\n\t\t\t\t\t\t\t\t\t\t\t\t\t\t\t<img decoding=\"async\" width=\"130\" height=\"130\" src=\"https:\/\/anna-verburg.de\/wp-content\/uploads\/2024\/01\/1.svg\" class=\"attachment-full size-full wp-image-1218\" alt=\"\" \/>\t\t\t\t\t\t\t\t\t\t\t\t\t\t\t<\/div>\n\t\t\t\t<div class=\"elementor-element elementor-element-59426cc4 elementor-widget-divider--view-line elementor-widget elementor-widget-divider\" data-id=\"59426cc4\" data-element_type=\"widget\" data-widget_type=\"divider.default\">\n\t\t\t\t\t\t\t<div class=\"elementor-divider\">\n\t\t\t<span class=\"elementor-divider-separator\">\n\t\t\t\t\t\t<\/span>\n\t\t<\/div>\n\t\t\t\t\t\t<\/div>\n\t\t\t\t<div class=\"elementor-element elementor-element-3459b65b elementor-widget elementor-widget-image\" data-id=\"3459b65b\" data-element_type=\"widget\" data-widget_type=\"image.default\">\n\t\t\t\t\t\t\t\t\t\t\t\t\t\t\t<img decoding=\"async\" width=\"130\" height=\"130\" src=\"https:\/\/anna-verburg.de\/wp-content\/uploads\/2024\/01\/2.svg\" class=\"attachment-full size-full wp-image-1219\" alt=\"\" \/>\t\t\t\t\t\t\t\t\t\t\t\t\t\t\t<\/div>\n\t\t\t\t<div class=\"elementor-element elementor-element-3287ace7 elementor-widget-divider--view-line elementor-widget elementor-widget-divider\" data-id=\"3287ace7\" data-element_type=\"widget\" data-widget_type=\"divider.default\">\n\t\t\t\t\t\t\t<div class=\"elementor-divider\">\n\t\t\t<span class=\"elementor-divider-separator\">\n\t\t\t\t\t\t<\/span>\n\t\t<\/div>\n\t\t\t\t\t\t<\/div>\n\t\t\t\t<div class=\"elementor-element elementor-element-671d707d elementor-widget elementor-widget-image\" data-id=\"671d707d\" data-element_type=\"widget\" data-widget_type=\"image.default\">\n\t\t\t\t\t\t\t\t\t\t\t\t\t\t\t<img decoding=\"async\" width=\"130\" height=\"130\" src=\"https:\/\/anna-verburg.de\/wp-content\/uploads\/2024\/01\/3.svg\" class=\"attachment-full size-full wp-image-1220\" alt=\"\" \/>\t\t\t\t\t\t\t\t\t\t\t\t\t\t\t<\/div>\n\t\t\t\t<\/div>\n\t\t<div class=\"elementor-element elementor-element-15827d95 e-con-full e-flex e-con e-child\" data-id=\"15827d95\" data-element_type=\"container\">\n\t\t<div class=\"elementor-element elementor-element-178422df e-con-full e-flex e-con e-child\" data-id=\"178422df\" data-element_type=\"container\" data-settings=\"{&quot;background_background&quot;:&quot;classic&quot;}\">\n\t\t<div class=\"elementor-element elementor-element-d4ccc0b e-con-full e-flex e-con e-child\" data-id=\"d4ccc0b\" data-element_type=\"container\">\n\t\t<div class=\"elementor-element elementor-element-39013d41 e-con-full e-flex e-con e-child\" data-id=\"39013d41\" data-element_type=\"container\" data-settings=\"{&quot;background_background&quot;:&quot;classic&quot;}\">\n\t\t\t\t<div class=\"elementor-element elementor-element-32fadaec elementor-widget elementor-widget-text-editor\" data-id=\"32fadaec\" data-element_type=\"widget\" data-widget_type=\"text-editor.default\">\n\t\t\t\t\t\t\t\t\t<p>Bitte <b>best\u00e4tige deine E-Mail-Adresse<\/b>. Du hast keine E-Mail erhalten? Bitte \u00fcberpr\u00fcfe deinen Spam-Ordner.<\/p>\t\t\t\t\t\t\t\t<\/div>\n\t\t\t\t<\/div>\n\t\t\t\t<\/div>\n\t\t\t\t<\/div>\n\t\t<div class=\"elementor-element elementor-element-7bc45cf8 e-con-full e-flex e-con e-child\" data-id=\"7bc45cf8\" data-element_type=\"container\" data-settings=\"{&quot;background_background&quot;:&quot;classic&quot;}\">\n\t\t<div class=\"elementor-element elementor-element-7c5735b5 e-con-full e-flex e-con e-child\" data-id=\"7c5735b5\" data-element_type=\"container\">\n\t\t<div class=\"elementor-element elementor-element-66f789fd e-con-full e-flex e-con e-child\" data-id=\"66f789fd\" data-element_type=\"container\" data-settings=\"{&quot;background_background&quot;:&quot;classic&quot;}\">\n\t\t\t\t<div class=\"elementor-element elementor-element-e986d5b elementor-widget elementor-widget-text-editor\" data-id=\"e986d5b\" data-element_type=\"widget\" data-widget_type=\"text-editor.default\">\n\t\t\t\t\t\t\t\t\t<p>Nach Best\u00e4tigung erh\u00e4ltst du eine\u00a0zweite E-Mail\u00a0mit dem\u00a0<b>Link zu deinem EBook &#8220; Von Frau zu Mama&#8220;<\/b><\/p>\t\t\t\t\t\t\t\t<\/div>\n\t\t\t\t<\/div>\n\t\t\t\t<\/div>\n\t\t\t\t<\/div>\n\t\t<div class=\"elementor-element elementor-element-24e63d7b e-con-full e-flex e-con e-child\" data-id=\"24e63d7b\" data-element_type=\"container\" data-settings=\"{&quot;background_background&quot;:&quot;classic&quot;}\">\n\t\t<div class=\"elementor-element elementor-element-4e317327 e-con-full e-flex e-con e-child\" data-id=\"4e317327\" data-element_type=\"container\">\n\t\t<div class=\"elementor-element elementor-element-180cdea5 e-con-full e-flex e-con e-child\" data-id=\"180cdea5\" data-element_type=\"container\" data-settings=\"{&quot;background_background&quot;:&quot;classic&quot;}\">\n\t\t\t\t<div class=\"elementor-element elementor-element-68736a2a elementor-widget elementor-widget-text-editor\" data-id=\"68736a2a\" data-element_type=\"widget\" data-widget_type=\"text-editor.default\">\n\t\t\t\t\t\t\t\t\t<p>Klicke auf diesen Link\u00a0und <b>lade dir <\/b>dein EBook\u00a0<b>herunter<\/b>. Fertig!<\/p>\t\t\t\t\t\t\t\t<\/div>\n\t\t\t\t<\/div>\n\t\t\t\t<\/div>\n\t\t\t\t<\/div>\n\t\t\t\t<\/div>\n\t\t\t\t\t<\/div>\n\t\t\t\t<\/div>\n\t\t<div class=\"elementor-element elementor-element-7673cbe5 e-flex e-con-boxed e-con e-parent\" data-id=\"7673cbe5\" data-element_type=\"container\" data-settings=\"{&quot;background_background&quot;:&quot;classic&quot;}\">\n\t\t\t\t\t<div class=\"e-con-inner\">\n\t\t<div class=\"elementor-element elementor-element-35cbe76b e-con-full e-flex e-con e-child\" data-id=\"35cbe76b\" data-element_type=\"container\" data-settings=\"{&quot;background_background&quot;:&quot;classic&quot;}\">\n\t\t\t\t<div class=\"elementor-element elementor-element-51ab9288 elementor-absolute elementor-widget elementor-widget-image\" data-id=\"51ab9288\" data-element_type=\"widget\" data-settings=\"{&quot;_position&quot;:&quot;absolute&quot;}\" data-widget_type=\"image.default\">\n\t\t\t\t\t\t\t\t\t\t\t\t\t\t\t<img loading=\"lazy\" decoding=\"async\" width=\"110\" height=\"110\" src=\"https:\/\/anna-verburg.de\/wp-content\/uploads\/2024\/01\/Ausrufezeichen.svg\" class=\"attachment-full size-full wp-image-1224\" alt=\"\" \/>\t\t\t\t\t\t\t\t\t\t\t\t\t\t\t<\/div>\n\t\t\t\t<div class=\"elementor-element elementor-element-701d481a elementor-widget__width-initial elementor-widget-tablet__width-inherit elementor-widget-mobile__width-inherit elementor-widget elementor-widget-text-editor\" data-id=\"701d481a\" data-element_type=\"widget\" data-widget_type=\"text-editor.default\">\n\t\t\t\t\t\t\t\t\t<h3 style=\"text-align: center;\"><span style=\"color: var( --e-global-color-primary );\"><b>BITTE BEACHTE:<\/b><\/span><\/h3><p style=\"text-align: center;\"><span style=\"color: var( --e-global-color-primary );\"><b>\u00a0<\/b><\/span><\/p><p style=\"text-align: center;\">Es kann bis zu 15 Minuten dauern, bis du die Best\u00e4tigung per E-Mail erh\u00e4ltst.\u00a0<\/p><p style=\"text-align: center;\">Bitte sieh auch in deinem Spam-Ordner nach.<\/p><p style=\"text-align: center;\">Solltest du keine E-Mail erhalten haben, dann schreibe\u00a0 eine E-Mail an hello@anna-verburg.de.<\/p>\t\t\t\t\t\t\t\t<\/div>\n\t\t\t\t<\/div>\n\t\t\t\t\t<\/div>\n\t\t\t\t<\/div>\n\t\t<div class=\"elementor-element elementor-element-5d68087a e-flex e-con-boxed e-con e-parent\" data-id=\"5d68087a\" data-element_type=\"container\" data-settings=\"{&quot;background_background&quot;:&quot;classic&quot;}\">\n\t\t\t\t\t<div class=\"e-con-inner\">\n\t\t\t\t<div class=\"elementor-element elementor-element-fe764e elementor-widget elementor-widget-text-editor\" data-id=\"fe764e\" data-element_type=\"widget\" data-widget_type=\"text-editor.default\">\n\t\t\t\t\t\t\t\t\t<p>Copyright \u00a9 Anna Verburg, 2024 | <span style=\"color: #ffffff;\"><a style=\"color: #ffffff;\" href=\"\/impressum\"><u>Impressum<\/u><\/a> | <a style=\"color: #ffffff;\" href=\"\/datenschutzerklaerung\"><u>Datenschutz<\/u><\/a><\/span><\/p>\t\t\t\t\t\t\t\t<\/div>\n\t\t\t\t\t<\/div>\n\t\t\t\t<\/div>\n\t\t\t\t<\/div>\n\t\t","protected":false},"excerpt":{"rendered":"<p>FAST FERTIG&#8230; In 3 Schritten zu deinem EBook Bitte best\u00e4tige deine E-Mail-Adresse. Du hast keine E-Mail erhalten? Bitte \u00fcberpr\u00fcfe deinen Spam-Ordner. Nach Best\u00e4tigung erh\u00e4ltst du eine\u00a0zweite E-Mail\u00a0mit dem\u00a0Link zu deinem EBook &#8220; Von Frau zu Mama&#8220; Klicke auf diesen Link\u00a0und lade dir dein EBook\u00a0herunter. Fertig! BITTE BEACHTE: \u00a0 Es kann bis zu 15 Minuten dauern, [&hellip;]<\/p>\n","protected":false},"author":2,"featured_media":0,"parent":0,"menu_order":0,"comment_status":"closed","ping_status":"closed","template":"","meta":{"inline_featured_image":false,"site-sidebar-layout":"no-sidebar","site-content-layout":"page-builder","ast-site-content-layout":"","site-content-style":"default","site-sidebar-style":"default","ast-global-header-display":"","ast-banner-title-visibility":"","ast-main-header-display":"","ast-hfb-above-header-display":"","ast-hfb-below-header-display":"","ast-hfb-mobile-header-display":"","site-post-title":"disabled","ast-breadcrumbs-content":"","ast-featured-img":"disabled","footer-sml-layout":"","theme-transparent-header-meta":"","adv-header-id-meta":"","stick-header-meta":"","header-above-stick-meta":"","header-main-stick-meta":"","header-below-stick-meta":"","astra-migrate-meta-layouts":"default","ast-page-background-enabled":"default","ast-page-background-meta":{"desktop":{"background-color":"","background-image":"","background-repeat":"repeat","background-position":"center center","background-size":"auto","background-attachment":"scroll","background-type":"","background-media":"","overlay-type":"","overlay-color":"","overlay-gradient":""},"tablet":{"background-color":"","background-image":"","background-repeat":"repeat","background-position":"center center","background-size":"auto","background-attachment":"scroll","background-type":"","background-media":"","overlay-type":"","overlay-color":"","overlay-gradient":""},"mobile":{"background-color":"","background-image":"","background-repeat":"repeat","background-position":"center center","background-size":"auto","background-attachment":"scroll","background-type":"","background-media":"","overlay-type":"","overlay-color":"","overlay-gradient":""}},"ast-content-background-meta":{"desktop":{"background-color":"var(--ast-global-color-5)","background-image":"","background-repeat":"repeat","background-position":"center center","background-size":"auto","background-attachment":"scroll","background-type":"","background-media":"","overlay-type":"","overlay-color":"","overlay-gradient":""},"tablet":{"background-color":"var(--ast-global-color-5)","background-image":"","background-repeat":"repeat","background-position":"center center","background-size":"auto","background-attachment":"scroll","background-type":"","background-media":"","overlay-type":"","overlay-color":"","overlay-gradient":""},"mobile":{"background-color":"var(--ast-global-color-5)","background-image":"","background-repeat":"repeat","background-position":"center center","background-size":"auto","background-attachment":"scroll","background-type":"","background-media":"","overlay-type":"","overlay-color":"","overlay-gradient":""}},"footnotes":""},"class_list":["post-1216","page","type-page","status-publish","hentry"],"yoast_head":"<!-- This site is optimized with the Yoast SEO plugin v24.2 - https:\/\/yoast.com\/wordpress\/plugins\/seo\/ -->\n<title>Dankeseite Anmeldung Ebook &quot; Von Frau zu Mama&quot; - Anna Verburg<\/title>\n<meta name=\"robots\" content=\"index, follow, max-snippet:-1, max-image-preview:large, max-video-preview:-1\" \/>\n<link rel=\"canonical\" href=\"https:\/\/anna-verburg.de\/index.php\/dankeseite-anmeldung-ebook-von-frau-zu-mama\/\" \/>\n<meta property=\"og:locale\" content=\"de_DE\" \/>\n<meta property=\"og:type\" content=\"article\" \/>\n<meta property=\"og:title\" content=\"Dankeseite Anmeldung Ebook &quot; Von Frau zu Mama&quot; - Anna Verburg\" \/>\n<meta property=\"og:description\" content=\"FAST FERTIG&#8230; In 3 Schritten zu deinem EBook Bitte best\u00e4tige deine E-Mail-Adresse. Du hast keine E-Mail erhalten? Bitte \u00fcberpr\u00fcfe deinen Spam-Ordner. Nach Best\u00e4tigung erh\u00e4ltst du eine\u00a0zweite E-Mail\u00a0mit dem\u00a0Link zu deinem EBook &#8220; Von Frau zu Mama&#8220; Klicke auf diesen Link\u00a0und lade dir dein EBook\u00a0herunter. Fertig! BITTE BEACHTE: \u00a0 Es kann bis zu 15 Minuten dauern, [&hellip;]\" \/>\n<meta property=\"og:url\" content=\"https:\/\/anna-verburg.de\/index.php\/dankeseite-anmeldung-ebook-von-frau-zu-mama\/\" \/>\n<meta property=\"og:site_name\" content=\"Anna Verburg\" \/>\n<meta property=\"article:modified_time\" content=\"2024-01-19T10:06:39+00:00\" \/>\n<meta name=\"twitter:card\" content=\"summary_large_image\" \/>\n<script type=\"application\/ld+json\" class=\"yoast-schema-graph\">{\"@context\":\"https:\/\/schema.org\",\"@graph\":[{\"@type\":\"WebPage\",\"@id\":\"https:\/\/anna-verburg.de\/index.php\/dankeseite-anmeldung-ebook-von-frau-zu-mama\/\",\"url\":\"https:\/\/anna-verburg.de\/index.php\/dankeseite-anmeldung-ebook-von-frau-zu-mama\/\",\"name\":\"Dankeseite Anmeldung Ebook \\\" Von Frau zu Mama\\\" - Anna Verburg\",\"isPartOf\":{\"@id\":\"https:\/\/anna-verburg.de\/#website\"},\"primaryImageOfPage\":{\"@id\":\"https:\/\/anna-verburg.de\/index.php\/dankeseite-anmeldung-ebook-von-frau-zu-mama\/#primaryimage\"},\"image\":{\"@id\":\"https:\/\/anna-verburg.de\/index.php\/dankeseite-anmeldung-ebook-von-frau-zu-mama\/#primaryimage\"},\"thumbnailUrl\":\"https:\/\/anna-verburg.de\/wp-content\/uploads\/2024\/01\/1.svg\",\"datePublished\":\"2024-01-19T10:00:53+00:00\",\"dateModified\":\"2024-01-19T10:06:39+00:00\",\"breadcrumb\":{\"@id\":\"https:\/\/anna-verburg.de\/index.php\/dankeseite-anmeldung-ebook-von-frau-zu-mama\/#breadcrumb\"},\"inLanguage\":\"de\",\"potentialAction\":[{\"@type\":\"ReadAction\",\"target\":[\"https:\/\/anna-verburg.de\/index.php\/dankeseite-anmeldung-ebook-von-frau-zu-mama\/\"]}]},{\"@type\":\"ImageObject\",\"inLanguage\":\"de\",\"@id\":\"https:\/\/anna-verburg.de\/index.php\/dankeseite-anmeldung-ebook-von-frau-zu-mama\/#primaryimage\",\"url\":\"https:\/\/anna-verburg.de\/wp-content\/uploads\/2024\/01\/1.svg\",\"contentUrl\":\"https:\/\/anna-verburg.de\/wp-content\/uploads\/2024\/01\/1.svg\",\"width\":130,\"height\":130},{\"@type\":\"BreadcrumbList\",\"@id\":\"https:\/\/anna-verburg.de\/index.php\/dankeseite-anmeldung-ebook-von-frau-zu-mama\/#breadcrumb\",\"itemListElement\":[{\"@type\":\"ListItem\",\"position\":1,\"name\":\"Startseite\",\"item\":\"https:\/\/anna-verburg.de\/\"},{\"@type\":\"ListItem\",\"position\":2,\"name\":\"Dankeseite Anmeldung Ebook &#8220; Von Frau zu Mama&#8220;\"}]},{\"@type\":\"WebSite\",\"@id\":\"https:\/\/anna-verburg.de\/#website\",\"url\":\"https:\/\/anna-verburg.de\/\",\"name\":\"Anna Verburg\",\"description\":\"Fotografie, Life Coaching &amp; Meditationen\",\"publisher\":{\"@id\":\"https:\/\/anna-verburg.de\/#organization\"},\"potentialAction\":[{\"@type\":\"SearchAction\",\"target\":{\"@type\":\"EntryPoint\",\"urlTemplate\":\"https:\/\/anna-verburg.de\/?s={search_term_string}\"},\"query-input\":{\"@type\":\"PropertyValueSpecification\",\"valueRequired\":true,\"valueName\":\"search_term_string\"}}],\"inLanguage\":\"de\"},{\"@type\":\"Organization\",\"@id\":\"https:\/\/anna-verburg.de\/#organization\",\"name\":\"Anna Verburg\",\"url\":\"https:\/\/anna-verburg.de\/\",\"logo\":{\"@type\":\"ImageObject\",\"inLanguage\":\"de\",\"@id\":\"https:\/\/anna-verburg.de\/#\/schema\/logo\/image\/\",\"url\":\"https:\/\/anna-verburg.de\/wp-content\/uploads\/2021\/11\/brown.png\",\"contentUrl\":\"https:\/\/anna-verburg.de\/wp-content\/uploads\/2021\/11\/brown.png\",\"width\":5829,\"height\":5679,\"caption\":\"Anna Verburg\"},\"image\":{\"@id\":\"https:\/\/anna-verburg.de\/#\/schema\/logo\/image\/\"}}]}<\/script>\n<!-- \/ Yoast SEO plugin. -->","yoast_head_json":{"title":"Dankeseite Anmeldung Ebook \" Von Frau zu Mama\" - Anna Verburg","robots":{"index":"index","follow":"follow","max-snippet":"max-snippet:-1","max-image-preview":"max-image-preview:large","max-video-preview":"max-video-preview:-1"},"canonical":"https:\/\/anna-verburg.de\/index.php\/dankeseite-anmeldung-ebook-von-frau-zu-mama\/","og_locale":"de_DE","og_type":"article","og_title":"Dankeseite Anmeldung Ebook \" Von Frau zu Mama\" - Anna Verburg","og_description":"FAST FERTIG&#8230; In 3 Schritten zu deinem EBook Bitte best\u00e4tige deine E-Mail-Adresse. Du hast keine E-Mail erhalten? Bitte \u00fcberpr\u00fcfe deinen Spam-Ordner. Nach Best\u00e4tigung erh\u00e4ltst du eine\u00a0zweite E-Mail\u00a0mit dem\u00a0Link zu deinem EBook &#8220; Von Frau zu Mama&#8220; Klicke auf diesen Link\u00a0und lade dir dein EBook\u00a0herunter. Fertig! BITTE BEACHTE: \u00a0 Es kann bis zu 15 Minuten dauern, [&hellip;]","og_url":"https:\/\/anna-verburg.de\/index.php\/dankeseite-anmeldung-ebook-von-frau-zu-mama\/","og_site_name":"Anna Verburg","article_modified_time":"2024-01-19T10:06:39+00:00","twitter_card":"summary_large_image","schema":{"@context":"https:\/\/schema.org","@graph":[{"@type":"WebPage","@id":"https:\/\/anna-verburg.de\/index.php\/dankeseite-anmeldung-ebook-von-frau-zu-mama\/","url":"https:\/\/anna-verburg.de\/index.php\/dankeseite-anmeldung-ebook-von-frau-zu-mama\/","name":"Dankeseite Anmeldung Ebook \" Von Frau zu Mama\" - Anna Verburg","isPartOf":{"@id":"https:\/\/anna-verburg.de\/#website"},"primaryImageOfPage":{"@id":"https:\/\/anna-verburg.de\/index.php\/dankeseite-anmeldung-ebook-von-frau-zu-mama\/#primaryimage"},"image":{"@id":"https:\/\/anna-verburg.de\/index.php\/dankeseite-anmeldung-ebook-von-frau-zu-mama\/#primaryimage"},"thumbnailUrl":"https:\/\/anna-verburg.de\/wp-content\/uploads\/2024\/01\/1.svg","datePublished":"2024-01-19T10:00:53+00:00","dateModified":"2024-01-19T10:06:39+00:00","breadcrumb":{"@id":"https:\/\/anna-verburg.de\/index.php\/dankeseite-anmeldung-ebook-von-frau-zu-mama\/#breadcrumb"},"inLanguage":"de","potentialAction":[{"@type":"ReadAction","target":["https:\/\/anna-verburg.de\/index.php\/dankeseite-anmeldung-ebook-von-frau-zu-mama\/"]}]},{"@type":"ImageObject","inLanguage":"de","@id":"https:\/\/anna-verburg.de\/index.php\/dankeseite-anmeldung-ebook-von-frau-zu-mama\/#primaryimage","url":"https:\/\/anna-verburg.de\/wp-content\/uploads\/2024\/01\/1.svg","contentUrl":"https:\/\/anna-verburg.de\/wp-content\/uploads\/2024\/01\/1.svg","width":130,"height":130},{"@type":"BreadcrumbList","@id":"https:\/\/anna-verburg.de\/index.php\/dankeseite-anmeldung-ebook-von-frau-zu-mama\/#breadcrumb","itemListElement":[{"@type":"ListItem","position":1,"name":"Startseite","item":"https:\/\/anna-verburg.de\/"},{"@type":"ListItem","position":2,"name":"Dankeseite Anmeldung Ebook &#8220; Von Frau zu Mama&#8220;"}]},{"@type":"WebSite","@id":"https:\/\/anna-verburg.de\/#website","url":"https:\/\/anna-verburg.de\/","name":"Anna Verburg","description":"Fotografie, Life Coaching &amp; Meditationen","publisher":{"@id":"https:\/\/anna-verburg.de\/#organization"},"potentialAction":[{"@type":"SearchAction","target":{"@type":"EntryPoint","urlTemplate":"https:\/\/anna-verburg.de\/?s={search_term_string}"},"query-input":{"@type":"PropertyValueSpecification","valueRequired":true,"valueName":"search_term_string"}}],"inLanguage":"de"},{"@type":"Organization","@id":"https:\/\/anna-verburg.de\/#organization","name":"Anna Verburg","url":"https:\/\/anna-verburg.de\/","logo":{"@type":"ImageObject","inLanguage":"de","@id":"https:\/\/anna-verburg.de\/#\/schema\/logo\/image\/","url":"https:\/\/anna-verburg.de\/wp-content\/uploads\/2021\/11\/brown.png","contentUrl":"https:\/\/anna-verburg.de\/wp-content\/uploads\/2021\/11\/brown.png","width":5829,"height":5679,"caption":"Anna Verburg"},"image":{"@id":"https:\/\/anna-verburg.de\/#\/schema\/logo\/image\/"}}]}},"_links":{"self":[{"href":"https:\/\/anna-verburg.de\/index.php\/wp-json\/wp\/v2\/pages\/1216","targetHints":{"allow":["GET"]}}],"collection":[{"href":"https:\/\/anna-verburg.de\/index.php\/wp-json\/wp\/v2\/pages"}],"about":[{"href":"https:\/\/anna-verburg.de\/index.php\/wp-json\/wp\/v2\/types\/page"}],"author":[{"embeddable":true,"href":"https:\/\/anna-verburg.de\/index.php\/wp-json\/wp\/v2\/users\/2"}],"replies":[{"embeddable":true,"href":"https:\/\/anna-verburg.de\/index.php\/wp-json\/wp\/v2\/comments?post=1216"}],"version-history":[{"count":7,"href":"https:\/\/anna-verburg.de\/index.php\/wp-json\/wp\/v2\/pages\/1216\/revisions"}],"predecessor-version":[{"id":1232,"href":"https:\/\/anna-verburg.de\/index.php\/wp-json\/wp\/v2\/pages\/1216\/revisions\/1232"}],"wp:attachment":[{"href":"https:\/\/anna-verburg.de\/index.php\/wp-json\/wp\/v2\/media?parent=1216"}],"curies":[{"name":"wp","href":"https:\/\/api.w.org\/{rel}","templated":true}]}}